{"id":1538,"date":"2018-04-17T09:35:31","date_gmt":"2018-04-17T07:35:31","guid":{"rendered":"https:\/\/www.biczo.de\/?page_id=1538"},"modified":"2022-10-24T15:10:34","modified_gmt":"2022-10-24T13:10:34","slug":"data-policy","status":"publish","type":"page","link":"https:\/\/www.biczo.de\/en\/data-policy\/","title":{"rendered":"Data Policy"},"content":{"rendered":"<div id='layer_slider_1'  class='avia-layerslider main_color avia-shadow  avia-builder-el-0  el_before_av_section  avia-builder-el-first  container_wrap fullsize'  style='height: 538px; max-width: 1280px; margin: 0 auto;'  ><\/div>\n<div id='av_section_1'  class='avia-section av-av_section-43fa913dbbd7170bb5693496c11aa38b main_color avia-section-large avia-no-border-styling  avia-builder-el-1  el_after_av_layerslider  avia-builder-el-last  avia-bg-style-scroll container_wrap fullsize'  ><div class='container av-section-cont-open' ><div class='template-page content  av-content-full alpha units'><div class='post-entry post-entry-type-page post-entry-1538'><div class='entry-content-wrapper clearfix'>\n\n<style type=\"text\/css\" data-created_by=\"avia_inline_auto\" id=\"style-css-av-av_two_third-d71a51a707c4656b37c9afbbd6138215\">\n.flex_column.av-av_two_third-d71a51a707c4656b37c9afbbd6138215{\nborder-radius:0px 0px 0px 0px;\npadding:0px 0px 0px 0px;\n}\n<\/style>\n<div  class='flex_column av-av_two_third-d71a51a707c4656b37c9afbbd6138215 av_two_third  avia-builder-el-2  avia-builder-el-no-sibling  first flex_column_div av-animated-generic bottom-to-top av-zero-column-padding  '     ><p>\n<style type=\"text\/css\" data-created_by=\"avia_inline_auto\" id=\"style-css-av-av_heading-09c042f57a0c4d747607c616f64fd8e7\">\n#top .av-special-heading.av-av_heading-09c042f57a0c4d747607c616f64fd8e7{\npadding-bottom:20px;\nfont-size:30px;\n}\nbody .av-special-heading.av-av_heading-09c042f57a0c4d747607c616f64fd8e7 .av-special-heading-tag .heading-char{\nfont-size:25px;\n}\n#top #wrap_all .av-special-heading.av-av_heading-09c042f57a0c4d747607c616f64fd8e7 .av-special-heading-tag{\nfont-size:30px;\n}\n.av-special-heading.av-av_heading-09c042f57a0c4d747607c616f64fd8e7 .av-subheading{\nfont-size:15px;\n}\n\n@media only screen and (min-width: 480px) and (max-width: 767px){ \n#top #wrap_all .av-special-heading.av-av_heading-09c042f57a0c4d747607c616f64fd8e7 .av-special-heading-tag{\nfont-size:0.8em;\n}\n}\n\n@media only screen and (max-width: 479px){ \n#top #wrap_all .av-special-heading.av-av_heading-09c042f57a0c4d747607c616f64fd8e7 .av-special-heading-tag{\nfont-size:0.8em;\n}\n}\n<\/style>\n<div  class='av-special-heading av-av_heading-09c042f57a0c4d747607c616f64fd8e7 av-special-heading-h1 blockquote modern-quote  avia-builder-el-3  el_before_av_textblock  avia-builder-el-first  av-inherit-size'><h1 class='av-special-heading-tag'  itemprop=\"headline\"  >Hinweise zum Datenschutz<\/h1><div class=\"special-heading-border\"><div class=\"special-heading-inner-border\"><\/div><\/div><\/div><br \/>\n<section  class='av_textblock_section av-l9mspny2-8fd920133f18fce66fa41008906dc2ca '   itemscope=\"itemscope\" itemtype=\"https:\/\/schema.org\/CreativeWork\" ><div class='avia_textblock'  itemprop=\"text\" ><p>1) Name und Kontaktdaten des f\u00fcr die Verarbeitung Verantwortlichen<\/p>\n<p>Diese Datenschutz-Information gilt f\u00fcr die Datenverarbeitung durch (Verantwortliche):<br \/>\nPeter Biczo<br \/>\nDarsberger Str. 34<br \/>\n69239 Neckarsteinach<br \/>\nDeutschland<\/p>\n<p>Telefon: +49 (0) 6229 9339 471<br \/>\nE-Mail: <a href=\"mailto:info@biczo.de\">info@biczo.de<\/a><\/p>\n<p>2) Erhebung und Speicherung personenbezogener Daten sowie Art und Zweck von deren Verwendung<\/p>\n<p>a) Beim Besuch der Website<br \/>\nDiese Webseite wird gehostet auf den Servern der IONOS SE. Beim Aufrufen unserer Website werden durch den auf Ihrem Endger\u00e4t zum Einsatz kommenden Browser automatisch Informationen an den Server der IONOS SE gesendet. Die IONOS SE speichert IP-Adressen unserer Webseitenbesucher in sogenannte Logfiles zur Erkennung und Abwehr von Angriffen. Diese Speicherung gilt maximal sieben Tage. Auf unseren Webseiten werden von IONOS SE keine Tracking-Mechanismen eingebaut und keine Webanalysedienste eingesetzt.<br \/>\nDie Rechtsgrundlage f\u00fcr die Datenverarbeitung ist Art. 6 Abs. 1 S.1 lit. a. und b. DSGVO. Das berechtigte Interesse folgt aus oben aufgelisteten Zwecken zur Datenerhebung. In keinem Fall verwendet die IONOS SE oder wir die erhobenen Daten zu dem Zweck, R\u00fcckschl\u00fcsse auf Ihre Person zu ziehen.<\/p>\n<p>3) Weitergabe von Daten<br \/>\nSollten Sie uns \u2013 bspw. per Mail \u2013 pers\u00f6nliche Daten zukommen lassen, gilt, dass eine \u00dcbermittlung Ihrer pers\u00f6nlichen Daten an Dritte nicht stattfindet, au\u00dfer zu den im Folgenden aufgef\u00fchrten Zwecken:<\/p>\n<p>Wir geben Ihre pers\u00f6nlichen Daten nur an Dritte weiter:<br \/>\n\u2013 f\u00fcr den Fall, dass f\u00fcr die Weitergabe nach Art. 6 Abs. 1 S. 1 lit. c DSGVO eine gesetzliche Verpflichtung besteht, sowie<br \/>\n\u2013 wenn dies gesetzlich zul\u00e4ssig und nach Art. 6 Abs. 1 S. 1 lit. b DSGVO f\u00fcr die Abwicklung von Vertragsverh\u00e4ltnissen mit Ihnen erforderlich ist.<\/p>\n<p>4) Betroffenenrechte<br \/>\nSie haben das Recht:<br \/>\n\u2013 gem\u00e4\u00df Art. 15 DSGVO Auskunft \u00fcber Ihre von uns verarbeiteten personenbezogenen Daten zu verlangen. Insbesondere k\u00f6nnen Sie Auskunft \u00fcber die Verarbeitungszwecke, die Kategorie der personenbezogenen Daten, die Kategorie von Empf\u00e4ngern, gegen\u00fcber denen Ihre Daten offengelegt wurden oder werden, die geplante Speicherdauer, das Bestehen eines Rechts auf Berichtigung; L\u00f6schung, Einschr\u00e4nkung der Verarbeitung oder Widerspruch, das Bestehen eines Beschwerderechts, die Herkunft Ihrer Daten, sofern diese nicht bei uns erhoben wurden, sowie \u00fcber das Bestehen einer automatisierten Entscheidungsfindung einschlie\u00dflich Profiling verlangen (was es bei uns nicht gibt!).<br \/>\n\u2013 gem\u00e4\u00df Art. 16 DSGVO unverz\u00fcglich die Berichtigung unrichtiger oder Vervollst\u00e4ndigung Ihrer bei uns gespeicherten personenbezogenen Daten zu verlangen;<br \/>\n\u2013 gem\u00e4\u00df Art. 17 DSGVO die L\u00f6schung Ihrer bei uns gespeicherten personenbezogenen Daten zu verlangen, soweit nicht die Verarbeitung zur Aus\u00fcbung des Rechts auf freie Meinungs\u00e4u\u00dferung und Information, zur Erf\u00fcllung einer rechtlichen Verpflichtung, aus Gr\u00fcnden des \u00f6ffentlichen Interesses oder zur Geltendmachung, Aus\u00fcbung oder Verteidigung von Rechtsanspr\u00fcchen erforderlich ist;<br \/>\n\u2013 gem\u00e4\u00df Art. 18 DSGVO die Einschr\u00e4nkung der Verarbeitung Ihrer personenbezogenen Daten zu verlangen, soweit die Richtigkeit der Daten von Ihnen bestritten wird, die Verarbeitung unrechtm\u00e4\u00dfig ist, Sie aber deren L\u00f6schung ablehnen und wir die Daten nicht mehr ben\u00f6tigen, Sie jedoch diese zur Geltendmachung, Aus\u00fcbung oder Verteidigung von Rechtsanspr\u00fcchen ben\u00f6tigen oder Sie gem\u00e4\u00df Art. 21 DSGVO Widerspruch gegen die Verarbeitung eingelegt haben;<br \/>\n\u2013 gem\u00e4\u00df Art. 20 DSGVO Ihre personenbezogenen Daten, die Sie uns bereitgestellt haben, in einem strukturierten, g\u00e4ngigen und maschinenlesebaren Format zu erhalten oder die \u00dcbermittlung an einen anderen Verantwortlichen zu verlangen;<br \/>\n\u2013 gem\u00e4\u00df Art. 7 Abs. 3 DSGVO Ihre einmal erteilte Einwilligung jederzeit gegen\u00fcber uns zu widerrufen. Dies hat zur Folge, dass wir die Datenverarbeitung, die auf dieser Einwilligung beruhte, f\u00fcr die Zukunft nicht mehr fortf\u00fchren d\u00fcrfen und<br \/>\n\u2013 gem\u00e4\u00df Art. 77 DSGVO sich bei einer Aufsichtsbeh\u00f6rde zu beschweren. In der Regel k\u00f6nnen Sie sich hierf\u00fcr an die Aufsichtsbeh\u00f6rde Ihres \u00fcblichen Aufenthaltsortes oder Arbeitsplatzes oder unseres Unternehmenssitzes wenden.<\/p>\n<p>5) Widerspruchsrecht<br \/>\nSofern Ihre personenbezogenen Daten auf Grundlage von berechtigten Interessen gem\u00e4\u00df Art. 6 Abs. 1 S. 1 lt. F DSGVO verarbeitet werden, haben Sie das Recht, gem\u00e4\u00df Art. 21 DSGVO Widerspruch gegen die Verarbeitung Ihrer personenbezogenen Daten einzulegen, soweit daf\u00fcr Gr\u00fcnde vorliegen, die sich aus Ihrer besonderen Situation ergeben.<br \/>\nM\u00f6chten Sie von Ihrem Widerrufs- oder Widerspruchsrecht Gebrauch machen, gen\u00fcgt eine E-Mail an info@biczo.de.<\/p>\n<p>6) Datensicherheit<br \/>\nWir bedienen uns geeigneter technischer und organisatorischer Sicherheitsma\u00dfnahmen, um Ihre Daten gegen zuf\u00e4llige oder vors\u00e4tzliche Manipulationen, teilweisen oder vollst\u00e4ndigen Verlust, Zerst\u00f6rung oder gegen den unbefugten Zugriff Dritter zu sch\u00fctzen. Unsere Sicherheitsma\u00dfnahmen werden entsprechend der technologischen Entwicklung fortlaufend verbessert.<\/p>\n<p>7) Aktualit\u00e4t und \u00c4nderung dieser Datenschutzerkl\u00e4rung<br \/>\nDiese Datenschutzerkl\u00e4rung ist aktuell g\u00fcltig und hat den Stand April 2019.<br \/>\nDurch die Weiterentwicklung unserer Website und Angebote dar\u00fcber oder aufgrund ge\u00e4nderter gesetzlicher beziehungsweise beh\u00f6rdlicher Vorgaben kann es notwendig werden, diese Datenschutzerkl\u00e4rung zu \u00e4ndern. Die jeweils aktuelle Datenschutzerkl\u00e4rung kann jederzeit auf dieser Webseite von Ihnen abgerufen werden.<\/p>\n<p>8) Die Aufsichtsbeh\u00f6rde f\u00fcr den Datenschutz finden Sie hier:<\/p>\n<p>Der Landesbeauftragte f\u00fcr den Datenschutz und die Informationsfreiheit Baden-W\u00fcrttemberg<br \/>\nPostfach 10 29 32, 70025 Stuttgart<br \/>\nK\u00f6nigstra\u00dfe 10a, 70173 Stuttgart<br \/>\nTel.: +49 711 61 55 41-0<br \/>\nFax: +49 711 61 55 41-15<br \/>\nE-Mail: poststelle@lfdi.bwl.de<br \/>\nInternet: https:\/\/www.baden-wuerttemberg.datenschutz.de<\/p>\n<p>Datenschutzerkl\u00e4rung f\u00fcr Cookies<br \/>\nUnsere Website verwendet Cookies. Das sind kleine Textdateien, die es m\u00f6glich machen, auf dem Endger\u00e4t des Nutzers spezifische, auf den Nutzer bezogene Informationen zu speichern, w\u00e4hrend er die Website nutzt. Cookies erm\u00f6glichen es, insbesondere Nutzungsh\u00e4ufigkeit und Nutzeranzahl der Seiten zu ermitteln, Verhaltensweisen der Seitennutzung zu analysieren, aber auch unser Angebot kundenfreundlicher zu gestalten. Cookies bleiben \u00fcber das Ende einer Browser-Sitzung gespeichert und k\u00f6nnen bei einem erneuten Seitenbesuch wieder aufgerufen werden. Wenn Sie das nicht w\u00fcnschen, sollten Sie Ihren Internetbrowser so einstellen, dass er die Annahme von Cookies verweigert.<\/p>\n<\/div><\/section><\/p><\/div>\n","protected":false},"excerpt":{"rendered":"","protected":false},"author":2,"featured_media":0,"parent":0,"menu_order":10,"comment_status":"open","ping_status":"closed","template":"","meta":{"inline_featured_image":false,"footnotes":""},"yoast_head":"<!-- This site is optimized with the Yoast SEO plugin v21.7 - https:\/\/yoast.com\/wordpress\/plugins\/seo\/ -->\n<title>Data Policy | Biczo<\/title>\n<meta name=\"robots\" content=\"index, follow, max-snippet:-1, max-image-preview:large, max-video-preview:-1\" \/>\n<link rel=\"canonical\" href=\"https:\/\/www.biczo.de\/en\/data-policy\/\" \/>\n<meta property=\"og:locale\" content=\"en_US\" \/>\n<meta property=\"og:type\" content=\"article\" \/>\n<meta property=\"og:title\" content=\"Data Policy | Biczo\" \/>\n<meta property=\"og:url\" content=\"https:\/\/www.biczo.de\/en\/data-policy\/\" \/>\n<meta property=\"og:site_name\" content=\"Biczo\" \/>\n<meta property=\"article:modified_time\" content=\"2022-10-24T13:10:34+00:00\" \/>\n<meta name=\"twitter:card\" content=\"summary_large_image\" \/>\n<meta name=\"twitter:label1\" content=\"Est. reading time\" \/>\n\t<meta name=\"twitter:data1\" content=\"5 minutes\" \/>\n<script type=\"application\/ld+json\" class=\"yoast-schema-graph\">{\"@context\":\"https:\/\/schema.org\",\"@graph\":[{\"@type\":\"WebPage\",\"@id\":\"https:\/\/www.biczo.de\/en\/data-policy\/\",\"url\":\"https:\/\/www.biczo.de\/en\/data-policy\/\",\"name\":\"Data Policy | Biczo\",\"isPartOf\":{\"@id\":\"https:\/\/www.biczo.de\/en\/#website\"},\"datePublished\":\"2018-04-17T07:35:31+00:00\",\"dateModified\":\"2022-10-24T13:10:34+00:00\",\"breadcrumb\":{\"@id\":\"https:\/\/www.biczo.de\/en\/data-policy\/#breadcrumb\"},\"inLanguage\":\"en-US\",\"potentialAction\":[{\"@type\":\"ReadAction\",\"target\":[\"https:\/\/www.biczo.de\/en\/data-policy\/\"]}]},{\"@type\":\"BreadcrumbList\",\"@id\":\"https:\/\/www.biczo.de\/en\/data-policy\/#breadcrumb\",\"itemListElement\":[{\"@type\":\"ListItem\",\"position\":1,\"name\":\"Startseite\",\"item\":\"https:\/\/www.biczo.de\/en\/\"},{\"@type\":\"ListItem\",\"position\":2,\"name\":\"Data Policy\"}]},{\"@type\":\"WebSite\",\"@id\":\"https:\/\/www.biczo.de\/en\/#website\",\"url\":\"https:\/\/www.biczo.de\/en\/\",\"name\":\"Biczo\",\"description\":\"Performance Leadership\",\"publisher\":{\"@id\":\"https:\/\/www.biczo.de\/en\/#organization\"},\"potentialAction\":[{\"@type\":\"SearchAction\",\"target\":{\"@type\":\"EntryPoint\",\"urlTemplate\":\"https:\/\/www.biczo.de\/en\/?s={search_term_string}\"},\"query-input\":\"required name=search_term_string\"}],\"inLanguage\":\"en-US\"},{\"@type\":\"Organization\",\"@id\":\"https:\/\/www.biczo.de\/en\/#organization\",\"name\":\"Biczo Performance Leadership\",\"url\":\"https:\/\/www.biczo.de\/en\/\",\"logo\":{\"@type\":\"ImageObject\",\"inLanguage\":\"en-US\",\"@id\":\"https:\/\/www.biczo.de\/en\/#\/schema\/logo\/image\/\",\"url\":\"https:\/\/www.biczo.de\/wp-content\/uploads\/2021\/02\/biczo_logo_seo.png\",\"contentUrl\":\"https:\/\/www.biczo.de\/wp-content\/uploads\/2021\/02\/biczo_logo_seo.png\",\"width\":600,\"height\":200,\"caption\":\"Biczo Performance Leadership\"},\"image\":{\"@id\":\"https:\/\/www.biczo.de\/en\/#\/schema\/logo\/image\/\"}}]}<\/script>\n<!-- \/ Yoast SEO plugin. -->","yoast_head_json":{"title":"Data Policy | Biczo","robots":{"index":"index","follow":"follow","max-snippet":"max-snippet:-1","max-image-preview":"max-image-preview:large","max-video-preview":"max-video-preview:-1"},"canonical":"https:\/\/www.biczo.de\/en\/data-policy\/","og_locale":"en_US","og_type":"article","og_title":"Data Policy | Biczo","og_url":"https:\/\/www.biczo.de\/en\/data-policy\/","og_site_name":"Biczo","article_modified_time":"2022-10-24T13:10:34+00:00","twitter_card":"summary_large_image","twitter_misc":{"Est. reading time":"5 minutes"},"schema":{"@context":"https:\/\/schema.org","@graph":[{"@type":"WebPage","@id":"https:\/\/www.biczo.de\/en\/data-policy\/","url":"https:\/\/www.biczo.de\/en\/data-policy\/","name":"Data Policy | Biczo","isPartOf":{"@id":"https:\/\/www.biczo.de\/en\/#website"},"datePublished":"2018-04-17T07:35:31+00:00","dateModified":"2022-10-24T13:10:34+00:00","breadcrumb":{"@id":"https:\/\/www.biczo.de\/en\/data-policy\/#breadcrumb"},"inLanguage":"en-US","potentialAction":[{"@type":"ReadAction","target":["https:\/\/www.biczo.de\/en\/data-policy\/"]}]},{"@type":"BreadcrumbList","@id":"https:\/\/www.biczo.de\/en\/data-policy\/#breadcrumb","itemListElement":[{"@type":"ListItem","position":1,"name":"Startseite","item":"https:\/\/www.biczo.de\/en\/"},{"@type":"ListItem","position":2,"name":"Data Policy"}]},{"@type":"WebSite","@id":"https:\/\/www.biczo.de\/en\/#website","url":"https:\/\/www.biczo.de\/en\/","name":"Biczo","description":"Performance Leadership","publisher":{"@id":"https:\/\/www.biczo.de\/en\/#organization"},"potentialAction":[{"@type":"SearchAction","target":{"@type":"EntryPoint","urlTemplate":"https:\/\/www.biczo.de\/en\/?s={search_term_string}"},"query-input":"required name=search_term_string"}],"inLanguage":"en-US"},{"@type":"Organization","@id":"https:\/\/www.biczo.de\/en\/#organization","name":"Biczo Performance Leadership","url":"https:\/\/www.biczo.de\/en\/","logo":{"@type":"ImageObject","inLanguage":"en-US","@id":"https:\/\/www.biczo.de\/en\/#\/schema\/logo\/image\/","url":"https:\/\/www.biczo.de\/wp-content\/uploads\/2021\/02\/biczo_logo_seo.png","contentUrl":"https:\/\/www.biczo.de\/wp-content\/uploads\/2021\/02\/biczo_logo_seo.png","width":600,"height":200,"caption":"Biczo Performance Leadership"},"image":{"@id":"https:\/\/www.biczo.de\/en\/#\/schema\/logo\/image\/"}}]}},"_links":{"self":[{"href":"https:\/\/www.biczo.de\/en\/wp-json\/wp\/v2\/pages\/1538"}],"collection":[{"href":"https:\/\/www.biczo.de\/en\/wp-json\/wp\/v2\/pages"}],"about":[{"href":"https:\/\/www.biczo.de\/en\/wp-json\/wp\/v2\/types\/page"}],"author":[{"embeddable":true,"href":"https:\/\/www.biczo.de\/en\/wp-json\/wp\/v2\/users\/2"}],"replies":[{"embeddable":true,"href":"https:\/\/www.biczo.de\/en\/wp-json\/wp\/v2\/comments?post=1538"}],"version-history":[{"count":5,"href":"https:\/\/www.biczo.de\/en\/wp-json\/wp\/v2\/pages\/1538\/revisions"}],"predecessor-version":[{"id":3182,"href":"https:\/\/www.biczo.de\/en\/wp-json\/wp\/v2\/pages\/1538\/revisions\/3182"}],"wp:attachment":[{"href":"https:\/\/www.biczo.de\/en\/wp-json\/wp\/v2\/media?parent=1538"}],"curies":[{"name":"wp","href":"https:\/\/api.w.org\/{rel}","templated":true}]}}