{"id":445,"date":"2017-12-05T17:54:43","date_gmt":"2017-12-05T16:54:43","guid":{"rendered":"https:\/\/www.biczo.de\/?page_id=445"},"modified":"2021-04-21T17:44:04","modified_gmt":"2021-04-21T15:44:04","slug":"references","status":"publish","type":"page","link":"https:\/\/www.biczo.de\/en\/references\/","title":{"rendered":"References"},"content":{"rendered":"<div id='layer_slider_1'  class='avia-layerslider main_color avia-shadow  avia-builder-el-0  el_before_av_section  avia-builder-el-first  container_wrap fullsize'  style='height: 538px; max-width: 1280px; margin: 0 auto;'  ><\/div>\n<div id='av_section_1'  class='avia-section av-1s18rp-5396aab92fa5e1054b9cebbf0fd2fd46 main_color avia-section-large avia-no-border-styling  avia-builder-el-1  el_after_av_layerslider  avia-builder-el-last  avia-bg-style-scroll container_wrap fullsize'  ><div class='container av-section-cont-open' ><div class='template-page content  av-content-full alpha units'><div class='post-entry post-entry-type-page post-entry-445'><div class='entry-content-wrapper clearfix'>\n\n<style type=\"text\/css\" data-created_by=\"avia_inline_auto\" id=\"style-css-av-1jyzp1-a95daf865cd48dd2bc41a91893c719d7\">\n.flex_column.av-1jyzp1-a95daf865cd48dd2bc41a91893c719d7{\nborder-radius:0px 0px 0px 0px;\npadding:0px 0px 0px 0px;\n}\n<\/style>\n<div  class='flex_column av-1jyzp1-a95daf865cd48dd2bc41a91893c719d7 av_one_full  avia-builder-el-2  el_before_av_one_third  avia-builder-el-first  first flex_column_div av-animated-generic bottom-to-top av-zero-column-padding  '     ><style type=\"text\/css\" data-created_by=\"avia_inline_auto\" id=\"style-css-av-av_heading-5d2cfcc8414a3d9927c0533e00170e30\">\n#top .av-special-heading.av-av_heading-5d2cfcc8414a3d9927c0533e00170e30{\npadding-bottom:20px;\nfont-size:30px;\n}\nbody .av-special-heading.av-av_heading-5d2cfcc8414a3d9927c0533e00170e30 .av-special-heading-tag .heading-char{\nfont-size:25px;\n}\n#top #wrap_all .av-special-heading.av-av_heading-5d2cfcc8414a3d9927c0533e00170e30 .av-special-heading-tag{\nfont-size:30px;\n}\n.av-special-heading.av-av_heading-5d2cfcc8414a3d9927c0533e00170e30 .av-subheading{\nfont-size:15px;\n}\n\n@media only screen and (min-width: 480px) and (max-width: 767px){ \n#top #wrap_all .av-special-heading.av-av_heading-5d2cfcc8414a3d9927c0533e00170e30 .av-special-heading-tag{\nfont-size:0.8em;\n}\n}\n\n@media only screen and (max-width: 479px){ \n#top #wrap_all .av-special-heading.av-av_heading-5d2cfcc8414a3d9927c0533e00170e30 .av-special-heading-tag{\nfont-size:0.8em;\n}\n}\n<\/style>\n<div  class='av-special-heading av-av_heading-5d2cfcc8414a3d9927c0533e00170e30 av-special-heading-h1 blockquote modern-quote  avia-builder-el-3  avia-builder-el-no-sibling  av-inherit-size'><h1 class='av-special-heading-tag'  itemprop=\"headline\"  >References<\/h1><div class=\"special-heading-border\"><div class=\"special-heading-inner-border\"><\/div><\/div><\/div><\/div>\n<style type=\"text\/css\" data-created_by=\"avia_inline_auto\" id=\"style-css-av-1b41fx-189acefbba7be186ca28565cba346327\">\n.flex_column.av-1b41fx-189acefbba7be186ca28565cba346327{\nborder-radius:0px 0px 0px 0px;\npadding:0px 0px 0px 0px;\n}\n<\/style>\n<div  class='flex_column av-1b41fx-189acefbba7be186ca28565cba346327 av_one_third  avia-builder-el-4  el_after_av_one_full  el_before_av_one_third  first flex_column_div av-animated-generic bottom-to-top av-zero-column-padding  column-top-margin'     ><section  class='av_textblock_section av-12ykml-ce387a0aabdae733829634d23b92bec4 '   itemscope=\"itemscope\" itemtype=\"https:\/\/schema.org\/CreativeWork\" ><div class='avia_textblock'  itemprop=\"text\" ><p>We have provided numerous small and medium-sized enterprises as well as international companies and institutions with a range of services.<\/p>\n<p>Some of our clients:<\/p>\n<\/div><\/section><\/div>\n<style type=\"text\/css\" data-created_by=\"avia_inline_auto\" id=\"style-css-av-xfo4t-73627ef03fa8d65c5201cf3e63c6d0a5\">\n.flex_column.av-xfo4t-73627ef03fa8d65c5201cf3e63c6d0a5{\nborder-radius:0px 0px 0px 0px;\npadding:0px 0px 0px 0px;\n}\n<\/style>\n<div  class='flex_column av-xfo4t-73627ef03fa8d65c5201cf3e63c6d0a5 av_one_third  avia-builder-el-6  el_after_av_one_third  el_before_av_one_third  flex_column_div av-animated-generic bottom-to-top av-zero-column-padding  column-top-margin'     ><section  class='av_textblock_section av-r99yl-f62aba99582f769bcb863d7570611b15 '   itemscope=\"itemscope\" itemtype=\"https:\/\/schema.org\/CreativeWork\" ><div class='avia_textblock'  itemprop=\"text\" ><p>ADM WILD Europe GmbH &amp; Co. KG<br \/>\nADM WILD Ingredients GmbH<br \/>\nBeegy GmbH<br \/>\nBurda Services GmbH<br \/>\nGy\u00f6ngy\u00f6s Ipari Park Fejleszt\u00f6 Kft.<br \/>\nH\u00e4njes Verlagsdienstleistungen GmbH<br \/>\nHanseatic Dialog GmbH<br \/>\nHubert Burda Media Holding AG<\/p>\n<\/div><\/section><\/div>\n<style type=\"text\/css\" data-created_by=\"avia_inline_auto\" id=\"style-css-av-1zc8t-29dd50f1919b7caa1eeb9aeee7b4ce92\">\n.flex_column.av-1zc8t-29dd50f1919b7caa1eeb9aeee7b4ce92{\nborder-radius:0px 0px 0px 0px;\npadding:0px 0px 0px 0px;\n}\n<\/style>\n<div  class='flex_column av-1zc8t-29dd50f1919b7caa1eeb9aeee7b4ce92 av_one_third  avia-builder-el-8  el_after_av_one_third  avia-builder-el-last  flex_column_div av-animated-generic bottom-to-top av-zero-column-padding  column-top-margin'     ><p><section  class='av_textblock_section av-gsry5-e6a5ec5f6fb4f1c28d16b7b3286c602d '   itemscope=\"itemscope\" itemtype=\"https:\/\/schema.org\/CreativeWork\" ><div class='avia_textblock'  itemprop=\"text\" ><p>Lufthansa Cargo AG<br \/>\nMVV Energie AG<br \/>\nPromotionpark GmbH<br \/>\nS\u00fcdwestdeutsche Medienholding GmbH<br \/>\nSueddeutsche Zeitung GmbH<br \/>\nSueddeutsche Zeitung Digitale Medien GmbH<\/p>\n<\/div><\/section><br \/>\n\n<style type=\"text\/css\" data-created_by=\"avia_inline_auto\" id=\"style-css-av-7d53h-809e6df371bd00bacbe8d86eae0229c5\">\n#top .hr.hr-invisible.av-7d53h-809e6df371bd00bacbe8d86eae0229c5{\nheight:15px;\n}\n<\/style>\n<div  class='hr av-7d53h-809e6df371bd00bacbe8d86eae0229c5 hr-invisible  avia-builder-el-10  el_after_av_textblock  avia-builder-el-last '><span class='hr-inner '><span class=\"hr-inner-style\"><\/span><\/span><\/div><\/p><\/div>\n","protected":false},"excerpt":{"rendered":"","protected":false},"author":2,"featured_media":0,"parent":0,"menu_order":6,"comment_status":"open","ping_status":"closed","template":"","meta":{"inline_featured_image":false,"footnotes":""},"yoast_head":"<!-- This site is optimized with the Yoast SEO plugin v21.7 - https:\/\/yoast.com\/wordpress\/plugins\/seo\/ -->\n<title>References | Biczo<\/title>\n<meta name=\"robots\" content=\"index, follow, max-snippet:-1, max-image-preview:large, max-video-preview:-1\" \/>\n<link rel=\"canonical\" href=\"https:\/\/www.biczo.de\/en\/references\/\" \/>\n<meta property=\"og:locale\" content=\"en_US\" \/>\n<meta property=\"og:type\" content=\"article\" \/>\n<meta property=\"og:title\" content=\"References | Biczo\" \/>\n<meta property=\"og:url\" content=\"https:\/\/www.biczo.de\/en\/references\/\" \/>\n<meta property=\"og:site_name\" content=\"Biczo\" \/>\n<meta property=\"article:modified_time\" content=\"2021-04-21T15:44:04+00:00\" \/>\n<meta name=\"twitter:card\" content=\"summary_large_image\" \/>\n<meta name=\"twitter:label1\" content=\"Est. reading time\" \/>\n\t<meta name=\"twitter:data1\" content=\"2 minutes\" \/>\n<script type=\"application\/ld+json\" class=\"yoast-schema-graph\">{\"@context\":\"https:\/\/schema.org\",\"@graph\":[{\"@type\":\"WebPage\",\"@id\":\"https:\/\/www.biczo.de\/en\/references\/\",\"url\":\"https:\/\/www.biczo.de\/en\/references\/\",\"name\":\"References | Biczo\",\"isPartOf\":{\"@id\":\"https:\/\/www.biczo.de\/en\/#website\"},\"datePublished\":\"2017-12-05T16:54:43+00:00\",\"dateModified\":\"2021-04-21T15:44:04+00:00\",\"breadcrumb\":{\"@id\":\"https:\/\/www.biczo.de\/en\/references\/#breadcrumb\"},\"inLanguage\":\"en-US\",\"potentialAction\":[{\"@type\":\"ReadAction\",\"target\":[\"https:\/\/www.biczo.de\/en\/references\/\"]}]},{\"@type\":\"BreadcrumbList\",\"@id\":\"https:\/\/www.biczo.de\/en\/references\/#breadcrumb\",\"itemListElement\":[{\"@type\":\"ListItem\",\"position\":1,\"name\":\"Startseite\",\"item\":\"https:\/\/www.biczo.de\/en\/\"},{\"@type\":\"ListItem\",\"position\":2,\"name\":\"References\"}]},{\"@type\":\"WebSite\",\"@id\":\"https:\/\/www.biczo.de\/en\/#website\",\"url\":\"https:\/\/www.biczo.de\/en\/\",\"name\":\"Biczo\",\"description\":\"Performance Leadership\",\"publisher\":{\"@id\":\"https:\/\/www.biczo.de\/en\/#organization\"},\"potentialAction\":[{\"@type\":\"SearchAction\",\"target\":{\"@type\":\"EntryPoint\",\"urlTemplate\":\"https:\/\/www.biczo.de\/en\/?s={search_term_string}\"},\"query-input\":\"required name=search_term_string\"}],\"inLanguage\":\"en-US\"},{\"@type\":\"Organization\",\"@id\":\"https:\/\/www.biczo.de\/en\/#organization\",\"name\":\"Biczo Performance Leadership\",\"url\":\"https:\/\/www.biczo.de\/en\/\",\"logo\":{\"@type\":\"ImageObject\",\"inLanguage\":\"en-US\",\"@id\":\"https:\/\/www.biczo.de\/en\/#\/schema\/logo\/image\/\",\"url\":\"https:\/\/www.biczo.de\/wp-content\/uploads\/2021\/02\/biczo_logo_seo.png\",\"contentUrl\":\"https:\/\/www.biczo.de\/wp-content\/uploads\/2021\/02\/biczo_logo_seo.png\",\"width\":600,\"height\":200,\"caption\":\"Biczo Performance Leadership\"},\"image\":{\"@id\":\"https:\/\/www.biczo.de\/en\/#\/schema\/logo\/image\/\"}}]}<\/script>\n<!-- \/ Yoast SEO plugin. -->","yoast_head_json":{"title":"References | Biczo","robots":{"index":"index","follow":"follow","max-snippet":"max-snippet:-1","max-image-preview":"max-image-preview:large","max-video-preview":"max-video-preview:-1"},"canonical":"https:\/\/www.biczo.de\/en\/references\/","og_locale":"en_US","og_type":"article","og_title":"References | Biczo","og_url":"https:\/\/www.biczo.de\/en\/references\/","og_site_name":"Biczo","article_modified_time":"2021-04-21T15:44:04+00:00","twitter_card":"summary_large_image","twitter_misc":{"Est. reading time":"2 minutes"},"schema":{"@context":"https:\/\/schema.org","@graph":[{"@type":"WebPage","@id":"https:\/\/www.biczo.de\/en\/references\/","url":"https:\/\/www.biczo.de\/en\/references\/","name":"References | Biczo","isPartOf":{"@id":"https:\/\/www.biczo.de\/en\/#website"},"datePublished":"2017-12-05T16:54:43+00:00","dateModified":"2021-04-21T15:44:04+00:00","breadcrumb":{"@id":"https:\/\/www.biczo.de\/en\/references\/#breadcrumb"},"inLanguage":"en-US","potentialAction":[{"@type":"ReadAction","target":["https:\/\/www.biczo.de\/en\/references\/"]}]},{"@type":"BreadcrumbList","@id":"https:\/\/www.biczo.de\/en\/references\/#breadcrumb","itemListElement":[{"@type":"ListItem","position":1,"name":"Startseite","item":"https:\/\/www.biczo.de\/en\/"},{"@type":"ListItem","position":2,"name":"References"}]},{"@type":"WebSite","@id":"https:\/\/www.biczo.de\/en\/#website","url":"https:\/\/www.biczo.de\/en\/","name":"Biczo","description":"Performance Leadership","publisher":{"@id":"https:\/\/www.biczo.de\/en\/#organization"},"potentialAction":[{"@type":"SearchAction","target":{"@type":"EntryPoint","urlTemplate":"https:\/\/www.biczo.de\/en\/?s={search_term_string}"},"query-input":"required name=search_term_string"}],"inLanguage":"en-US"},{"@type":"Organization","@id":"https:\/\/www.biczo.de\/en\/#organization","name":"Biczo Performance Leadership","url":"https:\/\/www.biczo.de\/en\/","logo":{"@type":"ImageObject","inLanguage":"en-US","@id":"https:\/\/www.biczo.de\/en\/#\/schema\/logo\/image\/","url":"https:\/\/www.biczo.de\/wp-content\/uploads\/2021\/02\/biczo_logo_seo.png","contentUrl":"https:\/\/www.biczo.de\/wp-content\/uploads\/2021\/02\/biczo_logo_seo.png","width":600,"height":200,"caption":"Biczo Performance Leadership"},"image":{"@id":"https:\/\/www.biczo.de\/en\/#\/schema\/logo\/image\/"}}]}},"_links":{"self":[{"href":"https:\/\/www.biczo.de\/en\/wp-json\/wp\/v2\/pages\/445"}],"collection":[{"href":"https:\/\/www.biczo.de\/en\/wp-json\/wp\/v2\/pages"}],"about":[{"href":"https:\/\/www.biczo.de\/en\/wp-json\/wp\/v2\/types\/page"}],"author":[{"embeddable":true,"href":"https:\/\/www.biczo.de\/en\/wp-json\/wp\/v2\/users\/2"}],"replies":[{"embeddable":true,"href":"https:\/\/www.biczo.de\/en\/wp-json\/wp\/v2\/comments?post=445"}],"version-history":[{"count":18,"href":"https:\/\/www.biczo.de\/en\/wp-json\/wp\/v2\/pages\/445\/revisions"}],"predecessor-version":[{"id":3076,"href":"https:\/\/www.biczo.de\/en\/wp-json\/wp\/v2\/pages\/445\/revisions\/3076"}],"wp:attachment":[{"href":"https:\/\/www.biczo.de\/en\/wp-json\/wp\/v2\/media?parent=445"}],"curies":[{"name":"wp","href":"https:\/\/api.w.org\/{rel}","templated":true}]}}